{"id":12921,"date":"2019-11-14T11:07:55","date_gmt":"2019-11-14T11:07:55","guid":{"rendered":"http:\/\/steuerberatung-plum.de\/WordPress_01\/?page_id=12921"},"modified":"2019-12-10T08:03:35","modified_gmt":"2019-12-10T08:03:35","slug":"ueber-uns","status":"publish","type":"page","link":"https:\/\/pz-steuerberatung.de\/?page_id=12921","title":{"rendered":"\u00dcber uns"},"content":{"rendered":"<p>[vc_row][vc_column][vc_single_image image=&#8220;13066&#8243; img_size=&#8220;800&#215;500&#8243; alignment=&#8220;center&#8220;][vc_column_text]<\/p>\n<p style=\"text-align: left; font-family: Lora-Italic; font-size: 16px; color: #333333; line-height: 28px;\">Die Steuerberatungskanzlei wurde zum 01.06.2017 neu gegr\u00fcndet.<br \/>\nDie Partnerschaftsgesellschaft entstand aus der Zusammenf\u00fchrung der Einzelkanzleien Steuerberatung Heinz-Arno Plum, welche im Mai 1991 gegr\u00fcndet worden ist und der Kanzlei Lars Z\u00fchlsdorff, die im Juni 2015 gegr\u00fcndet wurde.<\/p>\n<p>Im Laufe der Jahre wurde die Kanzlei zu einem modernen Beratungs- und Dienstleistungsunternehmen mit qualifizierten und hoch motivierten Mitarbeitern ausgebaut. Mandantenzufriedenheit ist f\u00fcr uns oberstes Gebot.<\/p>\n<p>Unsere&nbsp;Beratungsschwerpunkte sind:<br \/>\n&#8211; klassische Steuerberatung<br \/>\n&#8211; Erstellen von Buchf\u00fchrungen und Jahresabschl\u00fcssen<br \/>\n&#8211; Unternehmens- und Betriebsberatung<br \/>\n&#8211; Existenzgr\u00fcndungsberatung<br \/>\n&#8211;&nbsp;Beratung zum Thema Insolvenz und&nbsp;Sanierung<br \/>\n&#8211; Entwickung von Unternehmensstrategien<br \/>\n&#8211; Betreuung von Bankgesch\u00e4ften<br \/>\n&#8211; Laufende Finanz- und Lohnbuchhaltung<br \/>\n&#8211; Betreuung von Betriebspr\u00fcfungen<br \/>\n&#8211; Vertretung vor Finanzbeh\u00f6rden<br \/>\n&#8211; Erstellung von Umsatzsteuer-, Lohnsteuer-, und Sozialversicherungsmeldungen<\/p>\n<p>Vielen weiteren Themen stellen wir uns gerne. Fordern Sie uns heraus.<\/p>\n<p>Zum&nbsp;<strong>&#8222;Fachberater f\u00fcr Sanierung und Insolvenzverwaltung&#8220;<\/strong>&nbsp;erhalten Sie weitere Informationen im seperaten Men\u00fcpunkt.[\/vc_column_text][\/vc_column][\/vc_row]<\/p>\n","protected":false},"excerpt":{"rendered":"<p>[vc_row][vc_column][vc_single_image image=&#8220;13066&#8243; img_size=&#8220;800&#215;500&#8243; alignment=&#8220;center&#8220;][vc_column_text] Die Steuerberatungskanzlei wurde zum 01.06.2017 neu gegr\u00fcndet. Die Partnerschaftsgesellschaft entstand aus der Zusammenf\u00fchrung der Einzelkanzleien Steuerberatung Heinz-Arno Plum, welche im Mai 1991 gegr\u00fcndet worden ist und der Kanzlei Lars Z\u00fchlsdorff, die im Juni 2015 gegr\u00fcndet wurde. Im Laufe der Jahre wurde die Kanzlei zu einem modernen Beratungs- und Dienstleistungsunternehmen mit qualifizierten&hellip;<\/p>\n","protected":false},"author":1,"featured_media":0,"parent":0,"menu_order":0,"comment_status":"closed","ping_status":"closed","template":"","meta":{"footnotes":""},"class_list":["post-12921","page","type-page","status-publish","hentry"],"yoast_head":"<!-- This site is optimized with the Yoast SEO plugin v27.0 - https:\/\/yoast.com\/product\/yoast-seo-wordpress\/ -->\n<title>\u00dcber uns | Steuerberatung Plum &amp; Z\u00fchlsdorff<\/title>\n<meta name=\"description\" content=\"Einen \u00dcberblick unserer Leistungen als Steuerkanzlei Plum &amp; Z\u00fchlsdorff finden Sie an dieser Stelle. Jetzt hier informieren, oder direkt Kontakt aufnehmen.\" \/>\n<meta name=\"robots\" content=\"index, follow, max-snippet:-1, max-image-preview:large, max-video-preview:-1\" \/>\n<link rel=\"canonical\" href=\"https:\/\/pz-steuerberatung.de\/?page_id=12921\" \/>\n<meta property=\"og:locale\" content=\"de_DE\" \/>\n<meta property=\"og:type\" content=\"article\" \/>\n<meta property=\"og:title\" content=\"\u00dcber uns | Steuerberatung Plum &amp; Z\u00fchlsdorff\" \/>\n<meta property=\"og:description\" content=\"Einen \u00dcberblick unserer Leistungen als Steuerkanzlei Plum &amp; Z\u00fchlsdorff finden Sie an dieser Stelle. Jetzt hier informieren, oder direkt Kontakt aufnehmen.\" \/>\n<meta property=\"og:url\" content=\"https:\/\/pz-steuerberatung.de\/?page_id=12921\" \/>\n<meta property=\"og:site_name\" content=\"Steuerberatung Plum &amp; Z\u00fchlsdorff\" \/>\n<meta property=\"article:modified_time\" content=\"2019-12-10T08:03:35+00:00\" \/>\n<meta name=\"twitter:card\" content=\"summary_large_image\" \/>\n<meta name=\"twitter:label1\" content=\"Gesch\u00e4tzte Lesezeit\" \/>\n\t<meta name=\"twitter:data1\" content=\"1\u00a0Minute\" \/>\n<script type=\"application\/ld+json\" class=\"yoast-schema-graph\">{\"@context\":\"https:\/\/schema.org\",\"@graph\":[{\"@type\":\"WebPage\",\"@id\":\"https:\/\/pz-steuerberatung.de\/?page_id=12921\",\"url\":\"https:\/\/pz-steuerberatung.de\/?page_id=12921\",\"name\":\"\u00dcber uns | Steuerberatung Plum &amp; Z\u00fchlsdorff\",\"isPartOf\":{\"@id\":\"https:\/\/pz-steuerberatung.de\/#website\"},\"datePublished\":\"2019-11-14T11:07:55+00:00\",\"dateModified\":\"2019-12-10T08:03:35+00:00\",\"description\":\"Einen \u00dcberblick unserer Leistungen als Steuerkanzlei Plum & Z\u00fchlsdorff finden Sie an dieser Stelle. Jetzt hier informieren, oder direkt Kontakt aufnehmen.\",\"breadcrumb\":{\"@id\":\"https:\/\/pz-steuerberatung.de\/?page_id=12921#breadcrumb\"},\"inLanguage\":\"de\",\"potentialAction\":[{\"@type\":\"ReadAction\",\"target\":[\"https:\/\/pz-steuerberatung.de\/?page_id=12921\"]}]},{\"@type\":\"BreadcrumbList\",\"@id\":\"https:\/\/pz-steuerberatung.de\/?page_id=12921#breadcrumb\",\"itemListElement\":[{\"@type\":\"ListItem\",\"position\":1,\"name\":\"Startseite\",\"item\":\"https:\/\/pz-steuerberatung.de\/\"},{\"@type\":\"ListItem\",\"position\":2,\"name\":\"\u00dcber uns\"}]},{\"@type\":\"WebSite\",\"@id\":\"https:\/\/pz-steuerberatung.de\/#website\",\"url\":\"https:\/\/pz-steuerberatung.de\/\",\"name\":\"Plum &amp; Z\u00fchlsdorff\",\"description\":\"Partnerschaft von Steuerberatern mbB\",\"publisher\":{\"@id\":\"https:\/\/pz-steuerberatung.de\/#organization\"},\"potentialAction\":[{\"@type\":\"SearchAction\",\"target\":{\"@type\":\"EntryPoint\",\"urlTemplate\":\"https:\/\/pz-steuerberatung.de\/?s={search_term_string}\"},\"query-input\":{\"@type\":\"PropertyValueSpecification\",\"valueRequired\":true,\"valueName\":\"search_term_string\"}}],\"inLanguage\":\"de\"},{\"@type\":\"Organization\",\"@id\":\"https:\/\/pz-steuerberatung.de\/#organization\",\"name\":\"Steuerberatung Plum & Z\u00fchlsdorff\",\"url\":\"https:\/\/pz-steuerberatung.de\/\",\"logo\":{\"@type\":\"ImageObject\",\"inLanguage\":\"de\",\"@id\":\"https:\/\/pz-steuerberatung.de\/#\/schema\/logo\/image\/\",\"url\":\"https:\/\/www.steuerberatung-plum.de\/wp-content\/uploads\/2019\/11\/pz-logo6.png\",\"contentUrl\":\"https:\/\/www.steuerberatung-plum.de\/wp-content\/uploads\/2019\/11\/pz-logo6.png\",\"width\":800,\"height\":250,\"caption\":\"Steuerberatung Plum & Z\u00fchlsdorff\"},\"image\":{\"@id\":\"https:\/\/pz-steuerberatung.de\/#\/schema\/logo\/image\/\"}}]}<\/script>\n<!-- \/ Yoast SEO plugin. -->","yoast_head_json":{"title":"\u00dcber uns | Steuerberatung Plum &amp; Z\u00fchlsdorff","description":"Einen \u00dcberblick unserer Leistungen als Steuerkanzlei Plum & Z\u00fchlsdorff finden Sie an dieser Stelle. Jetzt hier informieren, oder direkt Kontakt aufnehmen.","robots":{"index":"index","follow":"follow","max-snippet":"max-snippet:-1","max-image-preview":"max-image-preview:large","max-video-preview":"max-video-preview:-1"},"canonical":"https:\/\/pz-steuerberatung.de\/?page_id=12921","og_locale":"de_DE","og_type":"article","og_title":"\u00dcber uns | Steuerberatung Plum &amp; Z\u00fchlsdorff","og_description":"Einen \u00dcberblick unserer Leistungen als Steuerkanzlei Plum & Z\u00fchlsdorff finden Sie an dieser Stelle. Jetzt hier informieren, oder direkt Kontakt aufnehmen.","og_url":"https:\/\/pz-steuerberatung.de\/?page_id=12921","og_site_name":"Steuerberatung Plum &amp; Z\u00fchlsdorff","article_modified_time":"2019-12-10T08:03:35+00:00","twitter_card":"summary_large_image","twitter_misc":{"Gesch\u00e4tzte Lesezeit":"1\u00a0Minute"},"schema":{"@context":"https:\/\/schema.org","@graph":[{"@type":"WebPage","@id":"https:\/\/pz-steuerberatung.de\/?page_id=12921","url":"https:\/\/pz-steuerberatung.de\/?page_id=12921","name":"\u00dcber uns | Steuerberatung Plum &amp; Z\u00fchlsdorff","isPartOf":{"@id":"https:\/\/pz-steuerberatung.de\/#website"},"datePublished":"2019-11-14T11:07:55+00:00","dateModified":"2019-12-10T08:03:35+00:00","description":"Einen \u00dcberblick unserer Leistungen als Steuerkanzlei Plum & Z\u00fchlsdorff finden Sie an dieser Stelle. Jetzt hier informieren, oder direkt Kontakt aufnehmen.","breadcrumb":{"@id":"https:\/\/pz-steuerberatung.de\/?page_id=12921#breadcrumb"},"inLanguage":"de","potentialAction":[{"@type":"ReadAction","target":["https:\/\/pz-steuerberatung.de\/?page_id=12921"]}]},{"@type":"BreadcrumbList","@id":"https:\/\/pz-steuerberatung.de\/?page_id=12921#breadcrumb","itemListElement":[{"@type":"ListItem","position":1,"name":"Startseite","item":"https:\/\/pz-steuerberatung.de\/"},{"@type":"ListItem","position":2,"name":"\u00dcber uns"}]},{"@type":"WebSite","@id":"https:\/\/pz-steuerberatung.de\/#website","url":"https:\/\/pz-steuerberatung.de\/","name":"Plum &amp; Z\u00fchlsdorff","description":"Partnerschaft von Steuerberatern mbB","publisher":{"@id":"https:\/\/pz-steuerberatung.de\/#organization"},"potentialAction":[{"@type":"SearchAction","target":{"@type":"EntryPoint","urlTemplate":"https:\/\/pz-steuerberatung.de\/?s={search_term_string}"},"query-input":{"@type":"PropertyValueSpecification","valueRequired":true,"valueName":"search_term_string"}}],"inLanguage":"de"},{"@type":"Organization","@id":"https:\/\/pz-steuerberatung.de\/#organization","name":"Steuerberatung Plum & Z\u00fchlsdorff","url":"https:\/\/pz-steuerberatung.de\/","logo":{"@type":"ImageObject","inLanguage":"de","@id":"https:\/\/pz-steuerberatung.de\/#\/schema\/logo\/image\/","url":"https:\/\/www.steuerberatung-plum.de\/wp-content\/uploads\/2019\/11\/pz-logo6.png","contentUrl":"https:\/\/www.steuerberatung-plum.de\/wp-content\/uploads\/2019\/11\/pz-logo6.png","width":800,"height":250,"caption":"Steuerberatung Plum & Z\u00fchlsdorff"},"image":{"@id":"https:\/\/pz-steuerberatung.de\/#\/schema\/logo\/image\/"}}]}},"_links":{"self":[{"href":"https:\/\/pz-steuerberatung.de\/index.php?rest_route=\/wp\/v2\/pages\/12921","targetHints":{"allow":["GET"]}}],"collection":[{"href":"https:\/\/pz-steuerberatung.de\/index.php?rest_route=\/wp\/v2\/pages"}],"about":[{"href":"https:\/\/pz-steuerberatung.de\/index.php?rest_route=\/wp\/v2\/types\/page"}],"author":[{"embeddable":true,"href":"https:\/\/pz-steuerberatung.de\/index.php?rest_route=\/wp\/v2\/users\/1"}],"replies":[{"embeddable":true,"href":"https:\/\/pz-steuerberatung.de\/index.php?rest_route=%2Fwp%2Fv2%2Fcomments&post=12921"}],"version-history":[{"count":5,"href":"https:\/\/pz-steuerberatung.de\/index.php?rest_route=\/wp\/v2\/pages\/12921\/revisions"}],"predecessor-version":[{"id":13098,"href":"https:\/\/pz-steuerberatung.de\/index.php?rest_route=\/wp\/v2\/pages\/12921\/revisions\/13098"}],"wp:attachment":[{"href":"https:\/\/pz-steuerberatung.de\/index.php?rest_route=%2Fwp%2Fv2%2Fmedia&parent=12921"}],"curies":[{"name":"wp","href":"https:\/\/api.w.org\/{rel}","templated":true}]}}