{"id":17,"date":"2019-07-04T21:10:42","date_gmt":"2019-07-04T21:10:42","guid":{"rendered":"http:\/\/steuerberatung-plum.de\/WordPress_01\/?page_id=17"},"modified":"2020-10-19T13:47:39","modified_gmt":"2020-10-19T13:47:39","slug":"kontakt","status":"publish","type":"page","link":"https:\/\/pz-steuerberatung.de\/?page_id=17","title":{"rendered":"Kontakt"},"content":{"rendered":"<p>[vc_row][vc_column width=&#8220;1\/2&#8243;]\n<div class=\"wpcf7 no-js\" id=\"wpcf7-f38-o1\" lang=\"de-DE\" dir=\"ltr\" data-wpcf7-id=\"38\">\n<div class=\"screen-reader-response\"><p role=\"status\" aria-live=\"polite\" aria-atomic=\"true\"><\/p> <ul><\/ul><\/div>\n<form action=\"\/index.php?rest_route=%2Fwp%2Fv2%2Fpages%2F17#wpcf7-f38-o1\" method=\"post\" class=\"wpcf7-form init\" aria-label=\"Kontaktformular\" novalidate=\"novalidate\" data-status=\"init\">\n<fieldset class=\"hidden-fields-container\"><input type=\"hidden\" name=\"_wpcf7\" value=\"38\" \/><input type=\"hidden\" name=\"_wpcf7_version\" value=\"6.1.5\" \/><input type=\"hidden\" name=\"_wpcf7_locale\" value=\"de_DE\" \/><input type=\"hidden\" name=\"_wpcf7_unit_tag\" value=\"wpcf7-f38-o1\" \/><input type=\"hidden\" name=\"_wpcf7_container_post\" value=\"0\" \/><input type=\"hidden\" name=\"_wpcf7_posted_data_hash\" value=\"\" \/>\n<\/fieldset>\n<p><label> Ihr Name (required)<br \/>\n<span class=\"wpcf7-form-control-wrap\" data-name=\"your-name\"><input size=\"40\" maxlength=\"400\" class=\"wpcf7-form-control wpcf7-text wpcf7-validates-as-required\" aria-required=\"true\" aria-invalid=\"false\" value=\"\" type=\"text\" name=\"your-name\" \/><\/span> <\/label>\n<\/p>\n<p><label> Ihre Email (required)<br \/>\n<span class=\"wpcf7-form-control-wrap\" data-name=\"your-email\"><input size=\"40\" maxlength=\"400\" class=\"wpcf7-form-control wpcf7-email wpcf7-validates-as-required wpcf7-text wpcf7-validates-as-email\" aria-required=\"true\" aria-invalid=\"false\" value=\"\" type=\"email\" name=\"your-email\" \/><\/span> <\/label>\n<\/p>\n<p><label> Subject<br \/>\n<span class=\"wpcf7-form-control-wrap\" data-name=\"your-subject\"><input size=\"40\" maxlength=\"400\" class=\"wpcf7-form-control wpcf7-text\" aria-invalid=\"false\" value=\"\" type=\"text\" name=\"your-subject\" \/><\/span> <\/label>\n<\/p>\n<p><label> Ihre Nachricht<br \/>\n<span class=\"wpcf7-form-control-wrap\" data-name=\"your-message\"><textarea cols=\"40\" rows=\"10\" maxlength=\"2000\" class=\"wpcf7-form-control wpcf7-textarea\" aria-invalid=\"false\" name=\"your-message\"><\/textarea><\/span> <\/label>\n<\/p>\n<p><input class=\"wpcf7-form-control wpcf7-submit has-spinner\" type=\"submit\" value=\"Send\" \/>\n<\/p><div class=\"wpcf7-response-output\" aria-hidden=\"true\"><\/div>\n<\/form>\n<\/div>\n[\/vc_column][vc_column width=&#8220;1\/2&#8243;][vc_column_text]<span style=\"font-size: medium;\"><strong>So finden Sie uns:<\/strong><\/span><\/p>\n<p><strong>Adresse:<\/strong><\/p>\n<p><span style=\"font-size: small;\">Plum &amp; Zuehlsdorff<br \/>\nPartnerschaft von Steuerberatern mbB<\/span><\/p>\n<p><span style=\"font-size: small;\">Karl-Arnold-Str. 103<br \/>\n52511 Geilenkirchen<\/span><\/p>\n<p>Tel.: 02451\/3333<br \/>\nFax: 02451\/2221<\/p>\n<p><strong>\u00d6ffnungszeiten:<\/strong><\/p>\n<p>Mo-Do 8:00 Uhr \u2013 12:30 Uhr\u00a0 \/ \u00a013:00 Uhr \u2013 17:00 Uhr<br \/>\nFr\u00a0 \u00a0 \u00a0 \u00a0 \u00a08:00 Uhr \u2013 12:30 Uhr\u00a0 \/ \u00a013:00 Uhr \u2013 14:30 Uhr<\/p>\n<p><strong>Von der A46 aus Richtung D\u00fcsseldorf kommend:<\/strong><br \/>\nAm Autobahnende biegen Sie links ab auf die B221 Richtung Geilenkirchen\/Aachen.<br \/>\n<strong>Aus Richtung Heinsberg kommend:<br \/>\n<\/strong>Fahren Sie die B221 Richtung Geilenkirchen\/Aachen<br \/>\n<strong>Aus Richtung Aachen\/\u00dcbach-Palenberg kommend:<\/strong><br \/>\nFahren Sie die B221in Richtung Heinsberg<\/p>\n<p><strong>ab Abfahrt B221 auf die B56:<\/strong><br \/>\nAn der Abfahrt Geilenkirchen\/Gillrath verlassen Sie die B221 und biegen\u00a0rechts ab auf die B56 Richtung Gillrath\/Gangelt\/Sittard.<br \/>\nNach ca. 1 km erreichen Sie die Ortseinfahrt Gillrath. Sie befinden sich bereits auf der Karl-Arnold-Str.<br \/>\nNach ca. 800 m finden Sie uns auf der rechten Seite in einem gro\u00dfen wei\u00dfen Bauerngeh\u00f6ft.[\/vc_column_text][\/vc_column][\/vc_row]<\/p>\n","protected":false},"excerpt":{"rendered":"<p>[vc_row][vc_column width=&#8220;1\/2&#8243;][\/vc_column][vc_column width=&#8220;1\/2&#8243;][vc_column_text]So finden Sie uns: Adresse: Plum &amp; Zuehlsdorff Partnerschaft von Steuerberatern mbB Karl-Arnold-Str. 103 52511 Geilenkirchen Tel.: 02451\/3333 Fax: 02451\/2221 \u00d6ffnungszeiten: Mo-Do 8:00 Uhr \u2013 12:30 Uhr\u00a0 \/ \u00a013:00 Uhr \u2013 17:00 Uhr Fr\u00a0 \u00a0 \u00a0 \u00a0 \u00a08:00 Uhr \u2013 12:30 Uhr\u00a0 \/ \u00a013:00 Uhr \u2013 14:30 Uhr Von der A46 aus Richtung&hellip;<\/p>\n","protected":false},"author":1,"featured_media":0,"parent":0,"menu_order":0,"comment_status":"closed","ping_status":"closed","template":"","meta":{"footnotes":""},"class_list":["post-17","page","type-page","status-publish","hentry"],"yoast_head":"<!-- This site is optimized with the Yoast SEO plugin v27.4 - https:\/\/yoast.com\/product\/yoast-seo-wordpress\/ -->\n<title>Kontakt | Steuerberatung Plum &amp; Z\u00fchlsdorff<\/title>\n<meta name=\"description\" content=\"Hier k\u00f6nnen Sie schnell und unkompliziert Kontakt mit ihrer Steuerberatung Plum &amp; Z\u00fchlsdorff aufnehmen. Jetzt Email schreiben oder anrufen!\" \/>\n<meta name=\"robots\" content=\"index, follow, max-snippet:-1, max-image-preview:large, max-video-preview:-1\" \/>\n<link rel=\"canonical\" href=\"https:\/\/pz-steuerberatung.de\/?page_id=17\" \/>\n<meta property=\"og:locale\" content=\"de_DE\" \/>\n<meta property=\"og:type\" content=\"article\" \/>\n<meta property=\"og:title\" content=\"Kontakt | Steuerberatung Plum &amp; Z\u00fchlsdorff\" \/>\n<meta property=\"og:description\" content=\"Hier k\u00f6nnen Sie schnell und unkompliziert Kontakt mit ihrer Steuerberatung Plum &amp; Z\u00fchlsdorff aufnehmen. Jetzt Email schreiben oder anrufen!\" \/>\n<meta property=\"og:url\" content=\"https:\/\/pz-steuerberatung.de\/?page_id=17\" \/>\n<meta property=\"og:site_name\" content=\"Steuerberatung Plum &amp; Z\u00fchlsdorff\" \/>\n<meta property=\"article:modified_time\" content=\"2020-10-19T13:47:39+00:00\" \/>\n<meta name=\"twitter:card\" content=\"summary_large_image\" \/>\n<meta name=\"twitter:label1\" content=\"Gesch\u00e4tzte Lesezeit\" \/>\n\t<meta name=\"twitter:data1\" content=\"1\u00a0Minute\" \/>\n<script type=\"application\/ld+json\" class=\"yoast-schema-graph\">{\"@context\":\"https:\\\/\\\/schema.org\",\"@graph\":[{\"@type\":\"WebPage\",\"@id\":\"https:\\\/\\\/pz-steuerberatung.de\\\/?page_id=17\",\"url\":\"https:\\\/\\\/pz-steuerberatung.de\\\/?page_id=17\",\"name\":\"Kontakt | Steuerberatung Plum &amp; Z\u00fchlsdorff\",\"isPartOf\":{\"@id\":\"https:\\\/\\\/pz-steuerberatung.de\\\/#website\"},\"datePublished\":\"2019-07-04T21:10:42+00:00\",\"dateModified\":\"2020-10-19T13:47:39+00:00\",\"description\":\"Hier k\u00f6nnen Sie schnell und unkompliziert Kontakt mit ihrer Steuerberatung Plum & Z\u00fchlsdorff aufnehmen. Jetzt Email schreiben oder anrufen!\",\"breadcrumb\":{\"@id\":\"https:\\\/\\\/pz-steuerberatung.de\\\/?page_id=17#breadcrumb\"},\"inLanguage\":\"de\",\"potentialAction\":[{\"@type\":\"ReadAction\",\"target\":[\"https:\\\/\\\/pz-steuerberatung.de\\\/?page_id=17\"]}]},{\"@type\":\"BreadcrumbList\",\"@id\":\"https:\\\/\\\/pz-steuerberatung.de\\\/?page_id=17#breadcrumb\",\"itemListElement\":[{\"@type\":\"ListItem\",\"position\":1,\"name\":\"Startseite\",\"item\":\"https:\\\/\\\/pz-steuerberatung.de\\\/\"},{\"@type\":\"ListItem\",\"position\":2,\"name\":\"Kontakt\"}]},{\"@type\":\"WebSite\",\"@id\":\"https:\\\/\\\/pz-steuerberatung.de\\\/#website\",\"url\":\"https:\\\/\\\/pz-steuerberatung.de\\\/\",\"name\":\"Plum &amp; Z\u00fchlsdorff\",\"description\":\"Partnerschaft von Steuerberatern mbB\",\"publisher\":{\"@id\":\"https:\\\/\\\/pz-steuerberatung.de\\\/#organization\"},\"potentialAction\":[{\"@type\":\"SearchAction\",\"target\":{\"@type\":\"EntryPoint\",\"urlTemplate\":\"https:\\\/\\\/pz-steuerberatung.de\\\/?s={search_term_string}\"},\"query-input\":{\"@type\":\"PropertyValueSpecification\",\"valueRequired\":true,\"valueName\":\"search_term_string\"}}],\"inLanguage\":\"de\"},{\"@type\":\"Organization\",\"@id\":\"https:\\\/\\\/pz-steuerberatung.de\\\/#organization\",\"name\":\"Steuerberatung Plum & Z\u00fchlsdorff\",\"url\":\"https:\\\/\\\/pz-steuerberatung.de\\\/\",\"logo\":{\"@type\":\"ImageObject\",\"inLanguage\":\"de\",\"@id\":\"https:\\\/\\\/pz-steuerberatung.de\\\/#\\\/schema\\\/logo\\\/image\\\/\",\"url\":\"https:\\\/\\\/www.steuerberatung-plum.de\\\/wp-content\\\/uploads\\\/2019\\\/11\\\/pz-logo6.png\",\"contentUrl\":\"https:\\\/\\\/www.steuerberatung-plum.de\\\/wp-content\\\/uploads\\\/2019\\\/11\\\/pz-logo6.png\",\"width\":800,\"height\":250,\"caption\":\"Steuerberatung Plum & Z\u00fchlsdorff\"},\"image\":{\"@id\":\"https:\\\/\\\/pz-steuerberatung.de\\\/#\\\/schema\\\/logo\\\/image\\\/\"}}]}<\/script>\n<!-- \/ Yoast SEO plugin. -->","yoast_head_json":{"title":"Kontakt | Steuerberatung Plum &amp; Z\u00fchlsdorff","description":"Hier k\u00f6nnen Sie schnell und unkompliziert Kontakt mit ihrer Steuerberatung Plum & Z\u00fchlsdorff aufnehmen. Jetzt Email schreiben oder anrufen!","robots":{"index":"index","follow":"follow","max-snippet":"max-snippet:-1","max-image-preview":"max-image-preview:large","max-video-preview":"max-video-preview:-1"},"canonical":"https:\/\/pz-steuerberatung.de\/?page_id=17","og_locale":"de_DE","og_type":"article","og_title":"Kontakt | Steuerberatung Plum &amp; Z\u00fchlsdorff","og_description":"Hier k\u00f6nnen Sie schnell und unkompliziert Kontakt mit ihrer Steuerberatung Plum & Z\u00fchlsdorff aufnehmen. Jetzt Email schreiben oder anrufen!","og_url":"https:\/\/pz-steuerberatung.de\/?page_id=17","og_site_name":"Steuerberatung Plum &amp; Z\u00fchlsdorff","article_modified_time":"2020-10-19T13:47:39+00:00","twitter_card":"summary_large_image","twitter_misc":{"Gesch\u00e4tzte Lesezeit":"1\u00a0Minute"},"schema":{"@context":"https:\/\/schema.org","@graph":[{"@type":"WebPage","@id":"https:\/\/pz-steuerberatung.de\/?page_id=17","url":"https:\/\/pz-steuerberatung.de\/?page_id=17","name":"Kontakt | Steuerberatung Plum &amp; Z\u00fchlsdorff","isPartOf":{"@id":"https:\/\/pz-steuerberatung.de\/#website"},"datePublished":"2019-07-04T21:10:42+00:00","dateModified":"2020-10-19T13:47:39+00:00","description":"Hier k\u00f6nnen Sie schnell und unkompliziert Kontakt mit ihrer Steuerberatung Plum & Z\u00fchlsdorff aufnehmen. Jetzt Email schreiben oder anrufen!","breadcrumb":{"@id":"https:\/\/pz-steuerberatung.de\/?page_id=17#breadcrumb"},"inLanguage":"de","potentialAction":[{"@type":"ReadAction","target":["https:\/\/pz-steuerberatung.de\/?page_id=17"]}]},{"@type":"BreadcrumbList","@id":"https:\/\/pz-steuerberatung.de\/?page_id=17#breadcrumb","itemListElement":[{"@type":"ListItem","position":1,"name":"Startseite","item":"https:\/\/pz-steuerberatung.de\/"},{"@type":"ListItem","position":2,"name":"Kontakt"}]},{"@type":"WebSite","@id":"https:\/\/pz-steuerberatung.de\/#website","url":"https:\/\/pz-steuerberatung.de\/","name":"Plum &amp; Z\u00fchlsdorff","description":"Partnerschaft von Steuerberatern mbB","publisher":{"@id":"https:\/\/pz-steuerberatung.de\/#organization"},"potentialAction":[{"@type":"SearchAction","target":{"@type":"EntryPoint","urlTemplate":"https:\/\/pz-steuerberatung.de\/?s={search_term_string}"},"query-input":{"@type":"PropertyValueSpecification","valueRequired":true,"valueName":"search_term_string"}}],"inLanguage":"de"},{"@type":"Organization","@id":"https:\/\/pz-steuerberatung.de\/#organization","name":"Steuerberatung Plum & Z\u00fchlsdorff","url":"https:\/\/pz-steuerberatung.de\/","logo":{"@type":"ImageObject","inLanguage":"de","@id":"https:\/\/pz-steuerberatung.de\/#\/schema\/logo\/image\/","url":"https:\/\/www.steuerberatung-plum.de\/wp-content\/uploads\/2019\/11\/pz-logo6.png","contentUrl":"https:\/\/www.steuerberatung-plum.de\/wp-content\/uploads\/2019\/11\/pz-logo6.png","width":800,"height":250,"caption":"Steuerberatung Plum & Z\u00fchlsdorff"},"image":{"@id":"https:\/\/pz-steuerberatung.de\/#\/schema\/logo\/image\/"}}]}},"_links":{"self":[{"href":"https:\/\/pz-steuerberatung.de\/index.php?rest_route=\/wp\/v2\/pages\/17","targetHints":{"allow":["GET"]}}],"collection":[{"href":"https:\/\/pz-steuerberatung.de\/index.php?rest_route=\/wp\/v2\/pages"}],"about":[{"href":"https:\/\/pz-steuerberatung.de\/index.php?rest_route=\/wp\/v2\/types\/page"}],"author":[{"embeddable":true,"href":"https:\/\/pz-steuerberatung.de\/index.php?rest_route=\/wp\/v2\/users\/1"}],"replies":[{"embeddable":true,"href":"https:\/\/pz-steuerberatung.de\/index.php?rest_route=%2Fwp%2Fv2%2Fcomments&post=17"}],"version-history":[{"count":8,"href":"https:\/\/pz-steuerberatung.de\/index.php?rest_route=\/wp\/v2\/pages\/17\/revisions"}],"predecessor-version":[{"id":13107,"href":"https:\/\/pz-steuerberatung.de\/index.php?rest_route=\/wp\/v2\/pages\/17\/revisions\/13107"}],"wp:attachment":[{"href":"https:\/\/pz-steuerberatung.de\/index.php?rest_route=%2Fwp%2Fv2%2Fmedia&parent=17"}],"curies":[{"name":"wp","href":"https:\/\/api.w.org\/{rel}","templated":true}]}}