{"id":6,"date":"2019-07-04T21:09:17","date_gmt":"2019-07-04T21:09:17","guid":{"rendered":"http:\/\/steuerberatung-plum.de\/WordPress_01\/?page_id=6"},"modified":"2019-12-10T08:06:31","modified_gmt":"2019-12-10T08:06:31","slug":"sanierung-insolvenz","status":"publish","type":"page","link":"https:\/\/pz-steuerberatung.de\/?page_id=6","title":{"rendered":"Sanierung \/ Insolvenz"},"content":{"rendered":"<p>[vc_row][vc_column width=&#8220;1\/2&#8243;][vc_single_image image=&#8220;12992&#8243; img_size=&#8220;large&#8220;][\/vc_column][vc_column width=&#8220;1\/2&#8243;][vc_column_text]<\/p>\n<p align=\"left\">Im Zeitraum September 2006 bis April 2007 hat Herr Plum an dem vom Deutschen Steuerberaterinstitut e.V in Kooperation mit Fachseminare von F\u00fcrstenberg den Fachlehrgang<\/p>\n<p align=\"center\"><strong><span style=\"font-size: large;\">Fachberater<br \/>\nf\u00fcr<br \/>\nSanierung und Insolvenzverwaltung (DStV e.V.)<\/span><\/strong><\/p>\n<p align=\"left\">mit Erfolg teilgenommen. Die Anerkennungsurkunde wurde am 21.08.2007 vom Deutschen Steuerberaterverband ausgeh\u00e4ndigt.<\/p>\n<p align=\"left\">Die Anerkennung erfolgt entsprechend der Entscheidung des Fachausschusses auf der Grundlage der Richtlinien des Deutschen Steuerberaterverbandes zur Anerkennung von Fachberatern (DStV).<\/p>\n<p align=\"left\">Diese sind einsehbar unter <a href=\"http:\/\/www.dstv.de\/\">www.dstv.de<\/a><\/p>\n<p>Hierdurch wurden weitere Voraussetzungen f\u00fcr eine mandantenorientierte Beratung im Bereich Sanierung, Insolvenzprophylaxe und der Insolvenzverwaltung geschaffen.<\/p>\n<p>[\/vc_column_text][\/vc_column][\/vc_row][vc_row][vc_column][\/vc_column][\/vc_row]<\/p>\n","protected":false},"excerpt":{"rendered":"<p>[vc_row][vc_column width=&#8220;1\/2&#8243;][vc_single_image image=&#8220;12992&#8243; img_size=&#8220;large&#8220;][\/vc_column][vc_column width=&#8220;1\/2&#8243;][vc_column_text] Im Zeitraum September 2006 bis April 2007 hat Herr Plum an dem vom Deutschen Steuerberaterinstitut e.V in Kooperation mit Fachseminare von F\u00fcrstenberg den Fachlehrgang Fachberater f\u00fcr Sanierung und Insolvenzverwaltung (DStV e.V.) mit Erfolg teilgenommen. Die Anerkennungsurkunde wurde am 21.08.2007 vom Deutschen Steuerberaterverband ausgeh\u00e4ndigt. Die Anerkennung erfolgt entsprechend der Entscheidung des&hellip;<\/p>\n","protected":false},"author":1,"featured_media":0,"parent":0,"menu_order":0,"comment_status":"closed","ping_status":"closed","template":"","meta":{"footnotes":""},"class_list":["post-6","page","type-page","status-publish","hentry"],"yoast_head":"<!-- This site is optimized with the Yoast SEO plugin v27.4 - https:\/\/yoast.com\/product\/yoast-seo-wordpress\/ -->\n<title>Sanierung \/ Insolvenz | Steuerberatung Plum &amp; Z\u00fchlsdorff<\/title>\n<meta name=\"description\" content=\"Die Kanzlei Plum &amp; Z\u00fchlsdorff hilft auch bei Sanierung und Insolvenz. Weiterf\u00fchrende Informationen finden Sie hier. Jetzt Kontakt aufnehmen!\" \/>\n<meta name=\"robots\" content=\"index, follow, max-snippet:-1, max-image-preview:large, max-video-preview:-1\" \/>\n<link rel=\"canonical\" href=\"https:\/\/pz-steuerberatung.de\/?page_id=6\" \/>\n<meta property=\"og:locale\" content=\"de_DE\" \/>\n<meta property=\"og:type\" content=\"article\" \/>\n<meta property=\"og:title\" content=\"Sanierung \/ Insolvenz | Steuerberatung Plum &amp; Z\u00fchlsdorff\" \/>\n<meta property=\"og:description\" content=\"Die Kanzlei Plum &amp; Z\u00fchlsdorff hilft auch bei Sanierung und Insolvenz. Weiterf\u00fchrende Informationen finden Sie hier. Jetzt Kontakt aufnehmen!\" \/>\n<meta property=\"og:url\" content=\"https:\/\/pz-steuerberatung.de\/?page_id=6\" \/>\n<meta property=\"og:site_name\" content=\"Steuerberatung Plum &amp; Z\u00fchlsdorff\" \/>\n<meta property=\"article:modified_time\" content=\"2019-12-10T08:06:31+00:00\" \/>\n<meta name=\"twitter:card\" content=\"summary_large_image\" \/>\n<meta name=\"twitter:label1\" content=\"Gesch\u00e4tzte Lesezeit\" \/>\n\t<meta name=\"twitter:data1\" content=\"1\u00a0Minute\" \/>\n<script type=\"application\/ld+json\" class=\"yoast-schema-graph\">{\"@context\":\"https:\\\/\\\/schema.org\",\"@graph\":[{\"@type\":\"WebPage\",\"@id\":\"https:\\\/\\\/pz-steuerberatung.de\\\/?page_id=6\",\"url\":\"https:\\\/\\\/pz-steuerberatung.de\\\/?page_id=6\",\"name\":\"Sanierung \\\/ Insolvenz | Steuerberatung Plum &amp; Z\u00fchlsdorff\",\"isPartOf\":{\"@id\":\"https:\\\/\\\/pz-steuerberatung.de\\\/#website\"},\"datePublished\":\"2019-07-04T21:09:17+00:00\",\"dateModified\":\"2019-12-10T08:06:31+00:00\",\"description\":\"Die Kanzlei Plum & Z\u00fchlsdorff hilft auch bei Sanierung und Insolvenz. Weiterf\u00fchrende Informationen finden Sie hier. Jetzt Kontakt aufnehmen!\",\"breadcrumb\":{\"@id\":\"https:\\\/\\\/pz-steuerberatung.de\\\/?page_id=6#breadcrumb\"},\"inLanguage\":\"de\",\"potentialAction\":[{\"@type\":\"ReadAction\",\"target\":[\"https:\\\/\\\/pz-steuerberatung.de\\\/?page_id=6\"]}]},{\"@type\":\"BreadcrumbList\",\"@id\":\"https:\\\/\\\/pz-steuerberatung.de\\\/?page_id=6#breadcrumb\",\"itemListElement\":[{\"@type\":\"ListItem\",\"position\":1,\"name\":\"Startseite\",\"item\":\"https:\\\/\\\/pz-steuerberatung.de\\\/\"},{\"@type\":\"ListItem\",\"position\":2,\"name\":\"Sanierung \\\/ Insolvenz\"}]},{\"@type\":\"WebSite\",\"@id\":\"https:\\\/\\\/pz-steuerberatung.de\\\/#website\",\"url\":\"https:\\\/\\\/pz-steuerberatung.de\\\/\",\"name\":\"Plum &amp; Z\u00fchlsdorff\",\"description\":\"Partnerschaft von Steuerberatern mbB\",\"publisher\":{\"@id\":\"https:\\\/\\\/pz-steuerberatung.de\\\/#organization\"},\"potentialAction\":[{\"@type\":\"SearchAction\",\"target\":{\"@type\":\"EntryPoint\",\"urlTemplate\":\"https:\\\/\\\/pz-steuerberatung.de\\\/?s={search_term_string}\"},\"query-input\":{\"@type\":\"PropertyValueSpecification\",\"valueRequired\":true,\"valueName\":\"search_term_string\"}}],\"inLanguage\":\"de\"},{\"@type\":\"Organization\",\"@id\":\"https:\\\/\\\/pz-steuerberatung.de\\\/#organization\",\"name\":\"Steuerberatung Plum & Z\u00fchlsdorff\",\"url\":\"https:\\\/\\\/pz-steuerberatung.de\\\/\",\"logo\":{\"@type\":\"ImageObject\",\"inLanguage\":\"de\",\"@id\":\"https:\\\/\\\/pz-steuerberatung.de\\\/#\\\/schema\\\/logo\\\/image\\\/\",\"url\":\"https:\\\/\\\/www.steuerberatung-plum.de\\\/wp-content\\\/uploads\\\/2019\\\/11\\\/pz-logo6.png\",\"contentUrl\":\"https:\\\/\\\/www.steuerberatung-plum.de\\\/wp-content\\\/uploads\\\/2019\\\/11\\\/pz-logo6.png\",\"width\":800,\"height\":250,\"caption\":\"Steuerberatung Plum & Z\u00fchlsdorff\"},\"image\":{\"@id\":\"https:\\\/\\\/pz-steuerberatung.de\\\/#\\\/schema\\\/logo\\\/image\\\/\"}}]}<\/script>\n<!-- \/ Yoast SEO plugin. -->","yoast_head_json":{"title":"Sanierung \/ Insolvenz | Steuerberatung Plum &amp; Z\u00fchlsdorff","description":"Die Kanzlei Plum & Z\u00fchlsdorff hilft auch bei Sanierung und Insolvenz. Weiterf\u00fchrende Informationen finden Sie hier. Jetzt Kontakt aufnehmen!","robots":{"index":"index","follow":"follow","max-snippet":"max-snippet:-1","max-image-preview":"max-image-preview:large","max-video-preview":"max-video-preview:-1"},"canonical":"https:\/\/pz-steuerberatung.de\/?page_id=6","og_locale":"de_DE","og_type":"article","og_title":"Sanierung \/ Insolvenz | Steuerberatung Plum &amp; Z\u00fchlsdorff","og_description":"Die Kanzlei Plum & Z\u00fchlsdorff hilft auch bei Sanierung und Insolvenz. Weiterf\u00fchrende Informationen finden Sie hier. Jetzt Kontakt aufnehmen!","og_url":"https:\/\/pz-steuerberatung.de\/?page_id=6","og_site_name":"Steuerberatung Plum &amp; Z\u00fchlsdorff","article_modified_time":"2019-12-10T08:06:31+00:00","twitter_card":"summary_large_image","twitter_misc":{"Gesch\u00e4tzte Lesezeit":"1\u00a0Minute"},"schema":{"@context":"https:\/\/schema.org","@graph":[{"@type":"WebPage","@id":"https:\/\/pz-steuerberatung.de\/?page_id=6","url":"https:\/\/pz-steuerberatung.de\/?page_id=6","name":"Sanierung \/ Insolvenz | Steuerberatung Plum &amp; Z\u00fchlsdorff","isPartOf":{"@id":"https:\/\/pz-steuerberatung.de\/#website"},"datePublished":"2019-07-04T21:09:17+00:00","dateModified":"2019-12-10T08:06:31+00:00","description":"Die Kanzlei Plum & Z\u00fchlsdorff hilft auch bei Sanierung und Insolvenz. Weiterf\u00fchrende Informationen finden Sie hier. Jetzt Kontakt aufnehmen!","breadcrumb":{"@id":"https:\/\/pz-steuerberatung.de\/?page_id=6#breadcrumb"},"inLanguage":"de","potentialAction":[{"@type":"ReadAction","target":["https:\/\/pz-steuerberatung.de\/?page_id=6"]}]},{"@type":"BreadcrumbList","@id":"https:\/\/pz-steuerberatung.de\/?page_id=6#breadcrumb","itemListElement":[{"@type":"ListItem","position":1,"name":"Startseite","item":"https:\/\/pz-steuerberatung.de\/"},{"@type":"ListItem","position":2,"name":"Sanierung \/ Insolvenz"}]},{"@type":"WebSite","@id":"https:\/\/pz-steuerberatung.de\/#website","url":"https:\/\/pz-steuerberatung.de\/","name":"Plum &amp; Z\u00fchlsdorff","description":"Partnerschaft von Steuerberatern mbB","publisher":{"@id":"https:\/\/pz-steuerberatung.de\/#organization"},"potentialAction":[{"@type":"SearchAction","target":{"@type":"EntryPoint","urlTemplate":"https:\/\/pz-steuerberatung.de\/?s={search_term_string}"},"query-input":{"@type":"PropertyValueSpecification","valueRequired":true,"valueName":"search_term_string"}}],"inLanguage":"de"},{"@type":"Organization","@id":"https:\/\/pz-steuerberatung.de\/#organization","name":"Steuerberatung Plum & Z\u00fchlsdorff","url":"https:\/\/pz-steuerberatung.de\/","logo":{"@type":"ImageObject","inLanguage":"de","@id":"https:\/\/pz-steuerberatung.de\/#\/schema\/logo\/image\/","url":"https:\/\/www.steuerberatung-plum.de\/wp-content\/uploads\/2019\/11\/pz-logo6.png","contentUrl":"https:\/\/www.steuerberatung-plum.de\/wp-content\/uploads\/2019\/11\/pz-logo6.png","width":800,"height":250,"caption":"Steuerberatung Plum & Z\u00fchlsdorff"},"image":{"@id":"https:\/\/pz-steuerberatung.de\/#\/schema\/logo\/image\/"}}]}},"_links":{"self":[{"href":"https:\/\/pz-steuerberatung.de\/index.php?rest_route=\/wp\/v2\/pages\/6","targetHints":{"allow":["GET"]}}],"collection":[{"href":"https:\/\/pz-steuerberatung.de\/index.php?rest_route=\/wp\/v2\/pages"}],"about":[{"href":"https:\/\/pz-steuerberatung.de\/index.php?rest_route=\/wp\/v2\/types\/page"}],"author":[{"embeddable":true,"href":"https:\/\/pz-steuerberatung.de\/index.php?rest_route=\/wp\/v2\/users\/1"}],"replies":[{"embeddable":true,"href":"https:\/\/pz-steuerberatung.de\/index.php?rest_route=%2Fwp%2Fv2%2Fcomments&post=6"}],"version-history":[{"count":6,"href":"https:\/\/pz-steuerberatung.de\/index.php?rest_route=\/wp\/v2\/pages\/6\/revisions"}],"predecessor-version":[{"id":13100,"href":"https:\/\/pz-steuerberatung.de\/index.php?rest_route=\/wp\/v2\/pages\/6\/revisions\/13100"}],"wp:attachment":[{"href":"https:\/\/pz-steuerberatung.de\/index.php?rest_route=%2Fwp%2Fv2%2Fmedia&parent=6"}],"curies":[{"name":"wp","href":"https:\/\/api.w.org\/{rel}","templated":true}]}}